{"id":36,"date":"2020-06-03T00:35:46","date_gmt":"2020-06-02T22:35:46","guid":{"rendered":"http:\/\/alpes-provencales.com\/?page_id=36"},"modified":"2020-06-16T11:41:25","modified_gmt":"2020-06-16T09:41:25","slug":"le-nouveau-e-mucem-ouvre-ses-portes-2","status":"publish","type":"page","link":"https:\/\/alpes-provencales.com\/","title":{"rendered":"Une Terre de Montagne Baign\u00e9e de Soleil"},"content":{"rendered":"\n<div class=\"wp-block-group alignwide\"><div class=\"wp-block-group__inner-container\">\n<h2 class=\"has-text-align-center\">Une exp\u00e9rience unique<\/h2>\n<\/div><\/div>\n\n\n\n<div class=\"wp-block-columns alignwide\">\n<div class=\"wp-block-column\">\n<div class=\"wp-block-group\"><div class=\"wp-block-group__inner-container\">\n<figure class=\"wp-block-image alignfull size-large is-style-rounded\"><img src=\"http:\/\/alpes-provencales.com\/wp-content\/uploads\/2020\/06\/traversee-des-alpes-provencales-1024x576.jpg\" alt=\"\" class=\"wp-image-275\"\/><\/figure>\n\n\n\n<h3>Travers\u00e9e des Alpes-Proven\u00e7ales (TAP)<\/h3>\n\n\n\n<p>Tout sur la TAP: historique, pr\u00e9paration, parcours, points d&#8217;int\u00e9r\u00eat&#8230;<\/p>\n\n\n\n<div class=\"wp-block-button is-style-outline\"><a class=\"wp-block-button__link\" href=\"http:\/\/alpes-provencales.com\/index.php\/traversee-des-alpes-provencales\/\">Lire la suite<\/a><\/div>\n<\/div><\/div>\n\n\n\n<div class=\"wp-block-group\"><div class=\"wp-block-group__inner-container\">\n<figure class=\"wp-block-image alignfull size-large is-style-rounded\"><img loading=\"lazy\" width=\"768\" height=\"540\" src=\"http:\/\/alpes-provencales.com\/wp-content\/uploads\/2020\/06\/dalle-aux-amonites-e1591188028276.jpg\" alt=\"\" class=\"wp-image-141\" srcset=\"https:\/\/alpes-provencales.com\/wp-content\/uploads\/2020\/06\/dalle-aux-amonites-e1591188028276.jpg 768w, https:\/\/alpes-provencales.com\/wp-content\/uploads\/2020\/06\/dalle-aux-amonites-e1591188028276-300x211.jpg 300w\" sizes=\"(max-width: 768px) 100vw, 768px\" \/><\/figure>\n\n\n\n<h3>Patrimoine<\/h3>\n\n\n\n<p>Les richesses naturelles et culturelles \u00e0 d\u00e9couvrir sur la TAP (Travers\u00e9e des Alpes-Proven\u00e7ales) et tout autour<\/p>\n\n\n\n<div class=\"wp-block-button is-style-outline\"><a class=\"wp-block-button__link\" href=\"http:\/\/alpes-provencales.com\/index.php\/category\/patrimoine\/\">Lire la suite<\/a><\/div>\n<\/div><\/div>\n<\/div>\n\n\n\n<div class=\"wp-block-column\">\n<div class=\"wp-block-group\"><div class=\"wp-block-group__inner-container\">\n<figure class=\"wp-block-image alignwide size-large is-style-rounded\"><img loading=\"lazy\" width=\"620\" height=\"420\" src=\"http:\/\/alpes-provencales.com\/wp-content\/uploads\/2020\/06\/lac-allos.jpg\" alt=\"\" class=\"wp-image-149\" srcset=\"https:\/\/alpes-provencales.com\/wp-content\/uploads\/2020\/06\/lac-allos.jpg 620w, https:\/\/alpes-provencales.com\/wp-content\/uploads\/2020\/06\/lac-allos-300x203.jpg 300w\" sizes=\"(max-width: 620px) 100vw, 620px\" \/><\/figure>\n\n\n\n<h3>Activit\u00e9s \u00e0 la carte<\/h3>\n\n\n\n<p>Manque de temps pour la TAP? Id\u00e9es de sorties en plein air \u00e0 vivre au coeur des Alpes de Haute-Provence<\/p>\n\n\n\n<div class=\"wp-block-button is-style-outline\"><a class=\"wp-block-button__link\" href=\"http:\/\/alpes-provencales.com\/index.php\/category\/activites\/\">Lire la suite<\/a><\/div>\n<\/div><\/div>\n\n\n\n<div class=\"wp-block-group\"><div class=\"wp-block-group__inner-container\">\n<figure class=\"wp-block-image alignfull size-large is-style-rounded\"><img loading=\"lazy\" width=\"960\" height=\"640\" src=\"http:\/\/alpes-provencales.com\/wp-content\/uploads\/2020\/06\/lavande-1.jpg\" alt=\"champ de lavande\" class=\"wp-image-92\" srcset=\"https:\/\/alpes-provencales.com\/wp-content\/uploads\/2020\/06\/lavande-1.jpg 960w, https:\/\/alpes-provencales.com\/wp-content\/uploads\/2020\/06\/lavande-1-300x200.jpg 300w, https:\/\/alpes-provencales.com\/wp-content\/uploads\/2020\/06\/lavande-1-768x512.jpg 768w\" sizes=\"(max-width: 960px) 100vw, 960px\" \/><\/figure>\n\n\n\n<h3>Autres<\/h3>\n\n\n\n<p>Informations diverses en lien avec le territoire et son mode de vie <\/p>\n\n\n\n<div class=\"wp-block-button is-style-outline\"><a class=\"wp-block-button__link\" href=\"http:\/\/alpes-provencales.com\/index.php\/category\/autres\/\">Lire la suite<\/a><\/div>\n<\/div><\/div>\n<\/div>\n<\/div>\n\n\n\n<figure class=\"wp-block-image alignfull size-large\"><img loading=\"lazy\" width=\"640\" height=\"395\" src=\"http:\/\/alpes-provencales.com\/wp-content\/uploads\/2020\/06\/04_alpes_de_haute_provence-e1591366698309.jpg\" alt=\"\" class=\"wp-image-260\" srcset=\"https:\/\/alpes-provencales.com\/wp-content\/uploads\/2020\/06\/04_alpes_de_haute_provence-e1591366698309.jpg 640w, https:\/\/alpes-provencales.com\/wp-content\/uploads\/2020\/06\/04_alpes_de_haute_provence-e1591366698309-300x185.jpg 300w\" sizes=\"(max-width: 640px) 100vw, 640px\" \/><\/figure>\n\n\n\n<div class=\"wp-block-group alignwide\"><div class=\"wp-block-group__inner-container\">\n<h3 class=\"has-accent-color has-text-color has-text-align-center\">\u00ab Un itin\u00e9raire pour motiver les gens \u00e0 venir chez nous \u00bb<\/h3>\n<\/div><\/div>\n\n\n\n<p class=\"has-drop-cap\">Apr\u00e8s avoir parcouru de nombreux pays \u00e9trangers, des enfants du pays Dignois ont voulu partager avec les internautes leur amour de ces lieux o\u00f9 ils ont grandi. <\/p>\n\n\n\n<p>C&#8217;est au travers de leurs histoires et notamment de leur projet de &#8220;Travers\u00e9e des Alpes Proven\u00e7ales&#8221; que vous partirez \u00e0 la d\u00e9couverte d&#8217;un territoire moins connu mais au combien exceptionnel qu&#8217;est la partie alpine de la Provence. Avec ces t\u00e9moignages insolites d&#8217;exp\u00e9riences au plus proche de la nature, nous esp\u00e9rons que le contenu publi\u00e9 ici saura vous inspirer pour profiter de ces fameuses Alpes-Proven\u00e7ales, secteur d&#8217;un d\u00e9partement o\u00f9 il fait bon vivre. <\/p>\n\n\n\n<div class=\"wp-block-group alignwide has-background\" style=\"background-color:#ffffff\"><div class=\"wp-block-group__inner-container\">\n<div class=\"wp-block-group\"><div class=\"wp-block-group__inner-container\">\n<h2 class=\"has-text-align-center\">Suivez nous!<\/h2>\n\n\n\n<p class=\"has-text-align-center\">Ne loupez plus nos derni\u00e8res publications<\/p>\n\n\n\n<div class=\"wp-block-button aligncenter\"><a class=\"wp-block-button__link\" href=\"https:\/\/www.facebook.com\/alpesprovencales\/\" target=\"_blank\" rel=\"noreferrer noopener\">RejoiNDRE le club<\/a><\/div>\n<\/div><\/div>\n<\/div><\/div>\n\n\n\n<p class=\"has-text-align-center\">En partenariat avec<\/p>\n\n\n\n<div class=\"wp-block-group alignwide\"><div class=\"wp-block-group__inner-container\">\n<figure class=\"wp-block-gallery alignwide columns-1 is-cropped\"><ul class=\"blocks-gallery-grid\"><li class=\"blocks-gallery-item\"><figure><img loading=\"lazy\" width=\"1024\" height=\"656\" src=\"http:\/\/alpes-provencales.com\/wp-content\/uploads\/2020\/06\/2020-landscape-1-2-1024x656.png\" alt=\"\" data-id=\"35\" data-full-url=\"http:\/\/alpes-provencales.com\/wp-content\/uploads\/2020\/06\/2020-landscape-1-2.png\" data-link=\"http:\/\/alpes-provencales.com\/le-nouveau-e-mucem-ouvre-ses-portes\/\" class=\"wp-image-35\" srcset=\"https:\/\/alpes-provencales.com\/wp-content\/uploads\/2020\/06\/2020-landscape-1-2-1024x656.png 1024w, https:\/\/alpes-provencales.com\/wp-content\/uploads\/2020\/06\/2020-landscape-1-2-300x192.png 300w, https:\/\/alpes-provencales.com\/wp-content\/uploads\/2020\/06\/2020-landscape-1-2-768x492.png 768w, https:\/\/alpes-provencales.com\/wp-content\/uploads\/2020\/06\/2020-landscape-1-2.png 1200w\" sizes=\"(max-width: 1024px) 100vw, 1024px\" \/><\/figure><\/li><\/ul><\/figure>\n<\/div><\/div>\n","protected":false},"excerpt":{"rendered":"<p>Apr\u00e8s avoir parcouru de nombreux pays \u00e9trangers, des enfants du pays Dignois ont voulu partager avec les internautes leur amour de ces lieux o\u00f9 ils ont grandi. C&#8217;est au travers de leurs histoires et notamment de leur projet de &#8220;Travers\u00e9e des Alpes Proven\u00e7ales&#8221; que vous partirez \u00e0 la d\u00e9couverte d&#8217;un territoire moins connu mais au [&hellip;]<\/p>\n","protected":false},"author":1,"featured_media":70,"parent":0,"menu_order":0,"comment_status":"closed","ping_status":"closed","template":"","meta":[],"_links":{"self":[{"href":"https:\/\/alpes-provencales.com\/index.php\/wp-json\/wp\/v2\/pages\/36"}],"collection":[{"href":"https:\/\/alpes-provencales.com\/index.php\/wp-json\/wp\/v2\/pages"}],"about":[{"href":"https:\/\/alpes-provencales.com\/index.php\/wp-json\/wp\/v2\/types\/page"}],"author":[{"embeddable":true,"href":"https:\/\/alpes-provencales.com\/index.php\/wp-json\/wp\/v2\/users\/1"}],"replies":[{"embeddable":true,"href":"https:\/\/alpes-provencales.com\/index.php\/wp-json\/wp\/v2\/comments?post=36"}],"version-history":[{"count":89,"href":"https:\/\/alpes-provencales.com\/index.php\/wp-json\/wp\/v2\/pages\/36\/revisions"}],"predecessor-version":[{"id":293,"href":"https:\/\/alpes-provencales.com\/index.php\/wp-json\/wp\/v2\/pages\/36\/revisions\/293"}],"wp:featuredmedia":[{"embeddable":true,"href":"https:\/\/alpes-provencales.com\/index.php\/wp-json\/wp\/v2\/media\/70"}],"wp:attachment":[{"href":"https:\/\/alpes-provencales.com\/index.php\/wp-json\/wp\/v2\/media?parent=36"}],"curies":[{"name":"wp","href":"https:\/\/api.w.org\/{rel}","templated":true}]}}